{"id":2710,"date":"2023-12-17T16:32:48","date_gmt":"2023-12-17T13:32:48","guid":{"rendered":"http:\/\/brmelektronik.net\/?page_id=2710"},"modified":"2023-12-17T16:44:21","modified_gmt":"2023-12-17T13:44:21","slug":"donanim-urunleri","status":"publish","type":"page","link":"https:\/\/brmelektronik.net\/?page_id=2710","title":{"rendered":"Donan\u0131m \u00dcr\u00fcnleri"},"content":{"rendered":"\t\t<div data-elementor-type=\"wp-page\" data-elementor-id=\"2710\" class=\"elementor elementor-2710\">\n\t\t\t\t\t\t<div class=\"elementor-inner\">\n\t\t\t\t<div class=\"elementor-section-wrap\">\n\t\t\t\t\t\t\t<div class=\"elementor-element elementor-element-98a7e03 e-flex e-con-boxed e-con e-parent\" data-id=\"98a7e03\" data-element_type=\"container\" data-settings=\"{&quot;content_width&quot;:&quot;boxed&quot;}\" data-core-v316-plus=\"true\">\n\t\t\t\t\t<div class=\"e-con-inner\">\n\t\t\t\t<div class=\"elementor-element elementor-element-cbaf772 flex-horizontal-align-default flex-horizontal-align-tablet-default flex-horizontal-align-mobile-default flex-vertical-align-default flex-vertical-align-tablet-default flex-vertical-align-mobile-default elementor-widget elementor-widget-thegem-products-compact-grid\" data-id=\"cbaf772\" data-element_type=\"widget\" data-settings=\"{&quot;content_products_cat&quot;:[&quot;donanim&quot;],&quot;orderby&quot;:&quot;default&quot;,&quot;order&quot;:&quot;asc&quot;,&quot;product_show_title&quot;:&quot;yes&quot;}\" data-widget_type=\"thegem-products-compact-grid.default\">\n\t\t\t\t<div class=\"elementor-widget-container\">\n\t\t\t\n\t\t\t<div id=\"cbaf772\"\n\t\t\t\t class=\"products-compact-grid woocommerce layout-grid columns-4x alignment-center aspect-ratio-square \">\n\t\t\t\t<div class=\"product compact-product-item post-2939 type-product status-publish has-post-thumbnail product_cat-donanim product_tag-acil-haberlesme-seti product_tag-asansor-acil-haberlesme first instock shipping-taxable product-type-external\">\n\t<div class=\"wrap clearfix\">\n\t\t<div class=\"image post-2939 product type-product status-publish has-post-thumbnail product_cat-donanim product_tag-acil-haberlesme-seti product_tag-asansor-acil-haberlesme  instock shipping-taxable product-type-external\">\n\t\t\t<a href=\"https:\/\/brmelektronik.net\/?product=brm-630-4g\">\n\t\t\t\t\t\t\t\t\t\t\t<picture>\n\t\t\t\t\t\t\t\t\t\t\t<source srcset=\"https:\/\/brmelektronik.net\/wp-content\/uploads\/2020\/06\/6304g_png2-thegem-product-justified-square-xs.png 1x, https:\/\/brmelektronik.net\/wp-content\/uploads\/2020\/06\/6304g_png2-thegem-product-justified-square-double-xs.png 2x\"   sizes=\"100vw\">\n\t\t\t\t\t\t\t<img decoding=\"async\" src=\"https:\/\/brmelektronik.net\/wp-content\/uploads\/2020\/06\/6304g_png2-thegem-product-justified-square-xs.png\" width=\"200\" height=\"200\"  class=\"attachment-thegem-product-justified-square-xs\" alt=\"BRM 630 4G\" \/>\n\t\t<\/picture>\n\t\t\t\t\t\t\t\t\t<\/a>\n\t\t\t\t\t<\/div>\n\n\t\t<div class=\"caption post-2939 product type-product status-publish has-post-thumbnail product_cat-donanim product_tag-acil-haberlesme-seti product_tag-asansor-acil-haberlesme  instock shipping-taxable product-type-external\">\n\t\t\t<div class=\"product-info clearfix\">\n\t\t\t\t\t\t\t\t\t\t\t\t\t<div class=\"title text-body-tiny\"><a href=\"https:\/\/brmelektronik.net\/?product=brm-630-4g\">BRM 630 4G<\/a>\n\t\t\t\t\t<\/div>\n\t\t\t\t\t\t\t\t\t\t\t\t\t\t\t<\/div>\n\t\t<\/div>\n\n\t<\/div>\n<\/div><div class=\"product compact-product-item post-2876 type-product status-publish has-post-thumbnail product_cat-donanim product_tag-acil-haberlesme-seti product_tag-asansor-acil-haberlesme last instock shipping-taxable product-type-external\">\n\t<div class=\"wrap clearfix\">\n\t\t<div class=\"image post-2876 product type-product status-publish has-post-thumbnail product_cat-donanim product_tag-acil-haberlesme-seti product_tag-asansor-acil-haberlesme first instock shipping-taxable product-type-external\">\n\t\t\t<a href=\"https:\/\/brmelektronik.net\/?product=brm-m40\">\n\t\t\t\t\t\t\t\t\t\t\t<picture>\n\t\t\t\t\t\t\t\t\t\t\t<source srcset=\"https:\/\/brmelektronik.net\/wp-content\/uploads\/2024\/09\/m40plus03-thegem-product-justified-square-xs.jpg 1x, https:\/\/brmelektronik.net\/wp-content\/uploads\/2024\/09\/m40plus03-thegem-product-justified-square-double-xs.jpg 2x\"   sizes=\"100vw\">\n\t\t\t\t\t\t\t<img decoding=\"async\" src=\"https:\/\/brmelektronik.net\/wp-content\/uploads\/2024\/09\/m40plus03-thegem-product-justified-square-xs.jpg\" width=\"200\" height=\"200\"  class=\"attachment-thegem-product-justified-square-xs\" alt=\"BRM M40 Plus\" \/>\n\t\t<\/picture>\n\t\t\t\t\t\t\t\t\t<\/a>\n\t\t\t\t\t<\/div>\n\n\t\t<div class=\"caption post-2876 product type-product status-publish has-post-thumbnail product_cat-donanim product_tag-acil-haberlesme-seti product_tag-asansor-acil-haberlesme  instock shipping-taxable product-type-external\">\n\t\t\t<div class=\"product-info clearfix\">\n\t\t\t\t\t\t\t\t\t\t\t\t\t<div class=\"title text-body-tiny\"><a href=\"https:\/\/brmelektronik.net\/?product=brm-m40\">BRM M40 Plus<\/a>\n\t\t\t\t\t<\/div>\n\t\t\t\t\t\t\t\t\t\t\t\t\t\t\t<\/div>\n\t\t<\/div>\n\n\t<\/div>\n<\/div><div class=\"product compact-product-item post-2895 type-product status-publish has-post-thumbnail product_cat-donanim product_tag-acil-haberlesme-seti product_tag-asansor-acil-haberlesme  instock shipping-taxable product-type-external\">\n\t<div class=\"wrap clearfix\">\n\t\t<div class=\"image post-2895 product type-product status-publish has-post-thumbnail product_cat-donanim product_tag-acil-haberlesme-seti product_tag-asansor-acil-haberlesme last instock shipping-taxable product-type-external\">\n\t\t\t<a href=\"https:\/\/brmelektronik.net\/?product=brm-m45\">\n\t\t\t\t\t\t\t\t\t\t\t<picture>\n\t\t\t\t\t\t\t\t\t\t\t<source srcset=\"https:\/\/brmelektronik.net\/wp-content\/uploads\/2025\/10\/m45_01-thegem-product-justified-square-xs.jpg 1x, https:\/\/brmelektronik.net\/wp-content\/uploads\/2025\/10\/m45_01-thegem-product-justified-square-double-xs.jpg 2x\"   sizes=\"100vw\">\n\t\t\t\t\t\t\t<img decoding=\"async\" src=\"https:\/\/brmelektronik.net\/wp-content\/uploads\/2025\/10\/m45_01-thegem-product-justified-square-xs.jpg\" width=\"200\" height=\"200\"  class=\"attachment-thegem-product-justified-square-xs\" alt=\"BRM M45\" \/>\n\t\t<\/picture>\n\t\t\t\t\t\t\t\t\t<\/a>\n\t\t\t\t\t<\/div>\n\n\t\t<div class=\"caption post-2895 product type-product status-publish has-post-thumbnail product_cat-donanim product_tag-acil-haberlesme-seti product_tag-asansor-acil-haberlesme first instock shipping-taxable product-type-external\">\n\t\t\t<div class=\"product-info clearfix\">\n\t\t\t\t\t\t\t\t\t\t\t\t\t<div class=\"title text-body-tiny\"><a href=\"https:\/\/brmelektronik.net\/?product=brm-m45\">BRM M45<\/a>\n\t\t\t\t\t<\/div>\n\t\t\t\t\t\t\t\t\t\t\t\t\t\t\t<\/div>\n\t\t<\/div>\n\n\t<\/div>\n<\/div><div class=\"product compact-product-item post-2704 type-product status-publish has-post-thumbnail product_cat-donanim product_tag-acil-haberlesme-seti product_tag-asansor-acil-haberlesme product_tag-voip  instock shipping-taxable product-type-external\">\n\t<div class=\"wrap clearfix\">\n\t\t<div class=\"image post-2704 product type-product status-publish has-post-thumbnail product_cat-donanim product_tag-acil-haberlesme-seti product_tag-asansor-acil-haberlesme product_tag-voip  instock shipping-taxable product-type-external\">\n\t\t\t<a href=\"https:\/\/brmelektronik.net\/?product=brm-voip-721\">\n\t\t\t\t\t\t\t\t\t\t\t<picture>\n\t\t\t\t\t\t\t\t\t\t\t<source srcset=\"https:\/\/brmelektronik.net\/wp-content\/uploads\/2023\/12\/voip721_png_2-thegem-product-justified-square-xs.png 1x, https:\/\/brmelektronik.net\/wp-content\/uploads\/2023\/12\/voip721_png_2-thegem-product-justified-square-double-xs.png 2x\"   sizes=\"100vw\">\n\t\t\t\t\t\t\t<img decoding=\"async\" src=\"https:\/\/brmelektronik.net\/wp-content\/uploads\/2023\/12\/voip721_png_2-thegem-product-justified-square-xs.png\" width=\"200\" height=\"200\"  class=\"attachment-thegem-product-justified-square-xs\" alt=\"BRM VoIP 721\" \/>\n\t\t<\/picture>\n\t\t\t\t\t\t\t\t\t<\/a>\n\t\t\t\t\t<\/div>\n\n\t\t<div class=\"caption post-2704 product type-product status-publish has-post-thumbnail product_cat-donanim product_tag-acil-haberlesme-seti product_tag-asansor-acil-haberlesme product_tag-voip last instock shipping-taxable product-type-external\">\n\t\t\t<div class=\"product-info clearfix\">\n\t\t\t\t\t\t\t\t\t\t\t\t\t<div class=\"title text-body-tiny\"><a href=\"https:\/\/brmelektronik.net\/?product=brm-voip-721\">BRM VoIP 721<\/a>\n\t\t\t\t\t<\/div>\n\t\t\t\t\t\t\t\t\t\t\t\t\t\t\t<\/div>\n\t\t<\/div>\n\n\t<\/div>\n<\/div>\t\t\t<\/div>\n\n\t\t\t\t<\/div>\n\t\t\t\t<\/div>\n\t\t\t\t\t<\/div>\n\t\t\t\t<\/div>\n\t\t\t\t\t\t\t\t\t<\/div>\n\t\t\t<\/div>\n\t\t\t\t\t<\/div>\n\t\t","protected":false},"excerpt":{"rendered":"<p>BRM 630 4G BRM VoIP 721<\/p>\n","protected":false},"author":1,"featured_media":0,"parent":0,"menu_order":0,"comment_status":"closed","ping_status":"closed","template":"page-fullwidth.php","meta":{"footnotes":""},"_links":{"self":[{"href":"https:\/\/brmelektronik.net\/index.php?rest_route=\/wp\/v2\/pages\/2710"}],"collection":[{"href":"https:\/\/brmelektronik.net\/index.php?rest_route=\/wp\/v2\/pages"}],"about":[{"href":"https:\/\/brmelektronik.net\/index.php?rest_route=\/wp\/v2\/types\/page"}],"author":[{"embeddable":true,"href":"https:\/\/brmelektronik.net\/index.php?rest_route=\/wp\/v2\/users\/1"}],"replies":[{"embeddable":true,"href":"https:\/\/brmelektronik.net\/index.php?rest_route=%2Fwp%2Fv2%2Fcomments&post=2710"}],"version-history":[{"count":7,"href":"https:\/\/brmelektronik.net\/index.php?rest_route=\/wp\/v2\/pages\/2710\/revisions"}],"predecessor-version":[{"id":2718,"href":"https:\/\/brmelektronik.net\/index.php?rest_route=\/wp\/v2\/pages\/2710\/revisions\/2718"}],"wp:attachment":[{"href":"https:\/\/brmelektronik.net\/index.php?rest_route=%2Fwp%2Fv2%2Fmedia&parent=2710"}],"curies":[{"name":"wp","href":"https:\/\/api.w.org\/{rel}","templated":true}]}}