{"id":2741,"date":"2023-12-22T22:09:55","date_gmt":"2023-12-22T19:09:55","guid":{"rendered":"http:\/\/brmelektronik.net\/?page_id=2741"},"modified":"2023-12-22T22:11:15","modified_gmt":"2023-12-22T19:11:15","slug":"donanim-urunleri-2","status":"publish","type":"page","link":"https:\/\/brmelektronik.net\/?page_id=2741","title":{"rendered":"Yaz\u0131l\u0131m \u00dcr\u00fcnleri"},"content":{"rendered":"\t\t<div data-elementor-type=\"wp-page\" data-elementor-id=\"2741\" class=\"elementor elementor-2741\">\n\t\t\t\t\t\t<div class=\"elementor-inner\">\n\t\t\t\t<div class=\"elementor-section-wrap\">\n\t\t\t\t\t\t\t<div class=\"elementor-element elementor-element-98a7e03 e-flex e-con-boxed e-con e-parent\" data-id=\"98a7e03\" data-element_type=\"container\" data-settings=\"{&quot;content_width&quot;:&quot;boxed&quot;}\" data-core-v316-plus=\"true\">\n\t\t\t\t\t<div class=\"e-con-inner\">\n\t\t\t\t<div class=\"elementor-element elementor-element-cbaf772 flex-horizontal-align-default flex-horizontal-align-tablet-default flex-horizontal-align-mobile-default flex-vertical-align-default flex-vertical-align-tablet-default flex-vertical-align-mobile-default elementor-widget elementor-widget-thegem-products-compact-grid\" data-id=\"cbaf772\" data-element_type=\"widget\" data-settings=\"{&quot;content_products_cat&quot;:[&quot;yazilim-urunleri&quot;],&quot;orderby&quot;:&quot;default&quot;,&quot;order&quot;:&quot;asc&quot;,&quot;product_show_title&quot;:&quot;yes&quot;}\" data-widget_type=\"thegem-products-compact-grid.default\">\n\t\t\t\t<div class=\"elementor-widget-container\">\n\t\t\t\n\t\t\t<div id=\"cbaf772\"\n\t\t\t\t class=\"products-compact-grid woocommerce layout-grid columns-4x alignment-center aspect-ratio-square \">\n\t\t\t\t<div class=\"product compact-product-item post-2720 type-product status-publish has-post-thumbnail product_cat-yazilim-urunleri product_tag-acil-haberlesme-seti product_tag-asansor-acil-haberlesme product_tag-asansor-bakim product_tag-asansor-revizyon product_tag-asansor-takip-programi first instock shipping-taxable product-type-external\">\n\t<div class=\"wrap clearfix\">\n\t\t<div class=\"image post-2720 product type-product status-publish has-post-thumbnail product_cat-yazilim-urunleri product_tag-acil-haberlesme-seti product_tag-asansor-acil-haberlesme product_tag-asansor-bakim product_tag-asansor-revizyon product_tag-asansor-takip-programi  instock shipping-taxable product-type-external\">\n\t\t\t<a href=\"https:\/\/brmelektronik.net\/?product=abot\">\n\t\t\t\t\t\t\t\t\t\t\t<picture>\n\t\t\t\t\t\t\t\t\t\t\t<source srcset=\"https:\/\/brmelektronik.net\/wp-content\/uploads\/2023\/12\/abot_1-thegem-product-justified-square-xs.jpg 1x, https:\/\/brmelektronik.net\/wp-content\/uploads\/2023\/12\/abot_1-thegem-product-justified-square-double-xs.jpg 2x\"   sizes=\"100vw\">\n\t\t\t\t\t\t\t<img decoding=\"async\" src=\"https:\/\/brmelektronik.net\/wp-content\/uploads\/2023\/12\/abot_1-thegem-product-justified-square-xs.jpg\" width=\"200\" height=\"200\"  class=\"attachment-thegem-product-justified-square-xs\" alt=\"ABOT\" \/>\n\t\t<\/picture>\n\t\t\t\t\t\t\t\t\t<\/a>\n\t\t\t\t\t<\/div>\n\n\t\t<div class=\"caption post-2720 product type-product status-publish has-post-thumbnail product_cat-yazilim-urunleri product_tag-acil-haberlesme-seti product_tag-asansor-acil-haberlesme product_tag-asansor-bakim product_tag-asansor-revizyon product_tag-asansor-takip-programi  instock shipping-taxable product-type-external\">\n\t\t\t<div class=\"product-info clearfix\">\n\t\t\t\t\t\t\t\t\t\t\t\t\t<div class=\"title text-body-tiny\"><a href=\"https:\/\/brmelektronik.net\/?product=abot\">ABOT<\/a>\n\t\t\t\t\t<\/div>\n\t\t\t\t\t\t\t\t\t\t\t\t\t\t\t<\/div>\n\t\t<\/div>\n\n\t<\/div>\n<\/div>\t\t\t<\/div>\n\n\t\t\t\t<\/div>\n\t\t\t\t<\/div>\n\t\t\t\t\t<\/div>\n\t\t\t\t<\/div>\n\t\t\t\t\t\t\t\t\t<\/div>\n\t\t\t<\/div>\n\t\t\t\t\t<\/div>\n\t\t","protected":false},"excerpt":{"rendered":"<p>ABOT<\/p>\n","protected":false},"author":1,"featured_media":0,"parent":0,"menu_order":0,"comment_status":"closed","ping_status":"closed","template":"page-fullwidth.php","meta":{"footnotes":""},"_links":{"self":[{"href":"https:\/\/brmelektronik.net\/index.php?rest_route=\/wp\/v2\/pages\/2741"}],"collection":[{"href":"https:\/\/brmelektronik.net\/index.php?rest_route=\/wp\/v2\/pages"}],"about":[{"href":"https:\/\/brmelektronik.net\/index.php?rest_route=\/wp\/v2\/types\/page"}],"author":[{"embeddable":true,"href":"https:\/\/brmelektronik.net\/index.php?rest_route=\/wp\/v2\/users\/1"}],"replies":[{"embeddable":true,"href":"https:\/\/brmelektronik.net\/index.php?rest_route=%2Fwp%2Fv2%2Fcomments&post=2741"}],"version-history":[{"count":4,"href":"https:\/\/brmelektronik.net\/index.php?rest_route=\/wp\/v2\/pages\/2741\/revisions"}],"predecessor-version":[{"id":2745,"href":"https:\/\/brmelektronik.net\/index.php?rest_route=\/wp\/v2\/pages\/2741\/revisions\/2745"}],"wp:attachment":[{"href":"https:\/\/brmelektronik.net\/index.php?rest_route=%2Fwp%2Fv2%2Fmedia&parent=2741"}],"curies":[{"name":"wp","href":"https:\/\/api.w.org\/{rel}","templated":true}]}}