{"id":2750,"date":"2023-12-31T12:07:04","date_gmt":"2023-12-31T09:07:04","guid":{"rendered":"http:\/\/brmelektronik.net\/?page_id=2750"},"modified":"2023-12-31T12:29:29","modified_gmt":"2023-12-31T09:29:29","slug":"hakkimizda-2","status":"publish","type":"page","link":"https:\/\/brmelektronik.net\/?page_id=2750","title":{"rendered":"Bas\u0131nda Biz"},"content":{"rendered":"\t\t<div data-elementor-type=\"wp-page\" data-elementor-id=\"2750\" class=\"elementor elementor-2750\">\n\t\t\t\t\t\t<div class=\"elementor-inner\">\n\t\t\t\t<div class=\"elementor-section-wrap\">\n\t\t\t\t\t\t\t<div class=\"elementor-element elementor-element-49da8e6 e-flex e-con-boxed e-con e-parent\" data-id=\"49da8e6\" data-element_type=\"container\" data-settings=\"{&quot;content_width&quot;:&quot;boxed&quot;}\" data-core-v316-plus=\"true\">\n\t\t\t\t\t<div class=\"e-con-inner\">\n\t\t<div class=\"elementor-element elementor-element-9a5412c e-con-full e-flex e-con e-child\" data-id=\"9a5412c\" data-element_type=\"container\" data-settings=\"{&quot;content_width&quot;:&quot;full&quot;}\">\n\t\t\t\t<div class=\"elementor-element elementor-element-3793fe2 flex-horizontal-align-default flex-horizontal-align-tablet-default flex-horizontal-align-mobile-default flex-vertical-align-default flex-vertical-align-tablet-default flex-vertical-align-mobile-default elementor-widget elementor-widget-thegem-styled-textbox\" data-id=\"3793fe2\" data-element_type=\"widget\" data-settings=\"{&quot;thegem_elementor_preset&quot;:&quot;basic-left-aligned&quot;}\" data-widget_type=\"thegem-styled-textbox.default\">\n\t\t\t\t<div class=\"elementor-widget-container\">\n\t\t\t\n<div class=\"gem-textbox styled-textbox-basic-left-aligned\">\n\n\t\n\t\t<div class=\"gem-textbox-top gem-textbox-top-none default-fill\">\n\t\t\t\t\t<\/div>\n\t\n\t<div class=\"gem-textbox-inner\">\n\n\t\t<div class=\"gem-textbox-content default-background\">\n\n\t\t\t\n\t\t\t<div class=\"gem-texbox-text-wrapper\">\n\n\t\t\t\t\t\t\t\t\t\n\t\t\t\t\t\t<h5 class=\"gem-textbox-title title-h5 bold\">\n\t\t\t\t\t\t\tBrm Elektronik En Son Teknolojilerini Devreye Ald\u0131\t\t\t\t\t\t<\/h5>\n\n\t\t\t\t\t\n\t\t\t\t\t\n\t\t\t\t\t\t<div class=\"gem-textbox-description gem-text-output\">\n\t\t\t\t\t\t\t<p style=\"text-align: left\">BRM Elektronik, 2022 y\u0131l\u0131na asans\u00f6r acil haberle\u015fme sistemlerinde iki yeni \u00fcr\u00fcnle giri\u015f yapt\u0131. \u0130leri teknoloji alt yap\u0131s\u0131 bar\u0131nd\u0131ran \u00fcr\u00fcnlerinden, d\u00fcnyadaki rakipleriyle e\u015f de\u011fer olan BRM VoIP 721\u2019i ve asans\u00f6rler firmalar\u0131n\u0131n t\u00fcm ihtiya\u00e7lar\u0131n\u0131 kar\u015f\u0131lan, asans\u00f6rlerin uzaktan takibini m\u00fcmk\u00fcn k\u0131lan yapay zek\u00e2 destekli BRM Abot\u2019u (Asans\u00f6r Bak\u0131m Onar\u0131m ve Takip Program\u0131) sat\u0131\u015fa sundu.\u00a0\u00a0<a href=\"https:\/\/www.haberasansoru.com.tr\/tr\/brm-elektronik-en-son-teknolojilerini-devreye-aldi\">Haberin devam\u0131&gt;&gt;<\/a><\/p>\t\t\t\t\t\t<\/div>\n\n\t\t\t\t\t\n\t\t\t\t\n\t\t\t\t\n\t\t\t<\/div>\n\n\t\t<\/div>\n\n\t<\/div>\n\n\t\n\t\t<div class=\"gem-textbox-bottom gem-textbox-bottom-none default-fill\">\n\t\t\t\t<\/div>\n\t\n\t\n<\/div>\n\t\t<\/div>\n\t\t\t\t<\/div>\n\t\t\t\t<\/div>\n\t\t<div class=\"elementor-element elementor-element-bb33a4d e-con-full e-flex e-con e-child\" data-id=\"bb33a4d\" data-element_type=\"container\" data-settings=\"{&quot;content_width&quot;:&quot;full&quot;}\">\n\t\t\t\t<div class=\"elementor-element elementor-element-d2eeeca flex-horizontal-align-default flex-horizontal-align-tablet-default flex-horizontal-align-mobile-default flex-vertical-align-default flex-vertical-align-tablet-default flex-vertical-align-mobile-default elementor-widget elementor-widget-thegem-styledimage\" data-id=\"d2eeeca\" data-element_type=\"widget\" data-settings=\"{&quot;image&quot;:{&quot;url&quot;:&quot;https:\\\/\\\/www.haberasansoru.com.tr\\\/Uploads\\\/Original\\\/54afdef6b1f9dd2e8ef38f43628365b0.webp&quot;,&quot;id&quot;:&quot;&quot;,&quot;size&quot;:&quot;&quot;,&quot;source&quot;:&quot;url&quot;},&quot;thegem_elementor_preset&quot;:&quot;default&quot;,&quot;icon_show&quot;:&quot;yes&quot;}\" data-widget_type=\"thegem-styledimage.default\">\n\t\t\t\t<div class=\"elementor-widget-container\">\n\t\t\t\n<div class=\"styled-image-wrapper\">\n\t\t\t<div class=\"gem-image gem-wrapbox gem-wrapbox-default gem-wrapbox-position-left lazy-loading \">\n\t\t\t<div class=\"gem-wrapbox-inner  lazy-loading-item\"  data-ll-effect=\"move-up\">\n\t\t\t\t\t\t\t\t<a href=\"https:\/\/www.haberasansoru.com.tr\/Uploads\/Original\/54afdef6b1f9dd2e8ef38f43628365b0.webp\" class=\"fancybox\">\n\t\t\t\t\t\t\t\t\t\t<img decoding=\"async\" class=\"gem-wrapbox-element img-responsive \"\n\t\t\t\t\t\t src=\"https:\/\/www.haberasansoru.com.tr\/Uploads\/Original\/54afdef6b1f9dd2e8ef38f43628365b0.webp\"\n\t\t\t\t\t\t alt=\"\">\n\t\t\t\t\t\t\t\t\t\t<i aria-hidden=\"true\" class=\"fas fa-camera\"><\/i>\t\t\t\t<\/a>\n\t\t\t\t\t\t<\/div>\n\t\t<\/div>\n\t\t<\/div>\n\n\n\t\n\t\t\t\t<\/div>\n\t\t\t\t<\/div>\n\t\t\t\t<\/div>\n\t\t<div class=\"elementor-element elementor-element-3727662 e-con-full e-flex e-con e-child\" data-id=\"3727662\" data-element_type=\"container\" data-settings=\"{&quot;content_width&quot;:&quot;full&quot;}\">\n\t\t\t\t<div class=\"elementor-element elementor-element-59d20ee flex-horizontal-align-default flex-horizontal-align-tablet-default flex-horizontal-align-mobile-default flex-vertical-align-default flex-vertical-align-tablet-default flex-vertical-align-mobile-default elementor-widget elementor-widget-thegem-styledimage\" data-id=\"59d20ee\" data-element_type=\"widget\" data-settings=\"{&quot;image&quot;:{&quot;url&quot;:&quot;https:\\\/\\\/www.haberasansoru.com.tr\\\/Uploads\\\/Original\\\/fee9210137bdf48ab5820f38fad42dca.webp&quot;,&quot;id&quot;:&quot;&quot;,&quot;size&quot;:&quot;&quot;,&quot;source&quot;:&quot;url&quot;},&quot;thegem_elementor_preset&quot;:&quot;default&quot;,&quot;icon_show&quot;:&quot;yes&quot;}\" data-widget_type=\"thegem-styledimage.default\">\n\t\t\t\t<div class=\"elementor-widget-container\">\n\t\t\t\n<div class=\"styled-image-wrapper\">\n\t\t\t<div class=\"gem-image gem-wrapbox gem-wrapbox-default gem-wrapbox-position-left lazy-loading \">\n\t\t\t<div class=\"gem-wrapbox-inner  lazy-loading-item\"  data-ll-effect=\"move-up\">\n\t\t\t\t\t\t\t\t<a href=\"https:\/\/www.haberasansoru.com.tr\/Uploads\/Original\/fee9210137bdf48ab5820f38fad42dca.webp\" class=\"fancybox\">\n\t\t\t\t\t\t\t\t\t\t<img decoding=\"async\" class=\"gem-wrapbox-element img-responsive \"\n\t\t\t\t\t\t src=\"https:\/\/www.haberasansoru.com.tr\/Uploads\/Original\/fee9210137bdf48ab5820f38fad42dca.webp\"\n\t\t\t\t\t\t alt=\"\">\n\t\t\t\t\t\t\t\t\t\t<i aria-hidden=\"true\" class=\"fas fa-camera\"><\/i>\t\t\t\t<\/a>\n\t\t\t\t\t\t<\/div>\n\t\t<\/div>\n\t\t<\/div>\n\n\n\t\n\t\t\t\t<\/div>\n\t\t\t\t<\/div>\n\t\t\t\t<\/div>\n\t\t<div class=\"elementor-element elementor-element-996d2ee e-con-full e-flex e-con e-child\" data-id=\"996d2ee\" data-element_type=\"container\" data-settings=\"{&quot;content_width&quot;:&quot;full&quot;}\">\n\t\t\t\t<div class=\"elementor-element elementor-element-addc960 flex-horizontal-align-default flex-horizontal-align-tablet-default flex-horizontal-align-mobile-default flex-vertical-align-default flex-vertical-align-tablet-default flex-vertical-align-mobile-default elementor-widget elementor-widget-thegem-styled-textbox\" data-id=\"addc960\" data-element_type=\"widget\" data-settings=\"{&quot;thegem_elementor_preset&quot;:&quot;basic-left-aligned&quot;}\" data-widget_type=\"thegem-styled-textbox.default\">\n\t\t\t\t<div class=\"elementor-widget-container\">\n\t\t\t\n<div class=\"gem-textbox styled-textbox-basic-left-aligned\">\n\n\t\n\t\t<div class=\"gem-textbox-top gem-textbox-top-none default-fill\">\n\t\t\t\t\t<\/div>\n\t\n\t<div class=\"gem-textbox-inner\">\n\n\t\t<div class=\"gem-textbox-content default-background\">\n\n\t\t\t\n\t\t\t<div class=\"gem-texbox-text-wrapper\">\n\n\t\t\t\t\t\t\t\t\t\n\t\t\t\t\t\t<h5 class=\"gem-textbox-title title-h5 bold\">\n\t\t\t\t\t\t\tBRM ELEKTRON\u0130K\u2019TEN BULUT TABANLI UPS TEKNOLOJ\u0130S\u0130\t\t\t\t\t\t<\/h5>\n\n\t\t\t\t\t\n\t\t\t\t\t\n\t\t\t\t\t\t<div class=\"gem-textbox-description gem-text-output\">\n\t\t\t\t\t\t\t<p>\u00dcr\u00fcn portf\u00f6y\u00fcne bir yenisini daha ekleyen BRM Elektronik, 5 ak\u00fcl\u00fc UPS sistemini sat\u0131\u015fa \u00e7\u0131karmaya haz\u0131rlan\u0131yor.<\/p><p>BRM Elektronik, seri \u00fcretimine ba\u015flamaya haz\u0131rland\u0131\u011f\u0131 bulut tabanl\u0131 UPS sistemini Asans\u00f6r \u0130stanbul Fuar\u0131\u2019nda tan\u0131tt\u0131. UPS sisteminin detaylar\u0131n\u0131 BRM Elektronik Genel M\u00fcd\u00fcr\u00fc Nurullah Pireci anlatt\u0131.\u00a0 <a href=\"https:\/\/www.haberasansoru.com.tr\/tr\/brm-elektronik-ten-bulut-tabanli-ups-teknolojisi\">Haberin devam\u0131 &gt;&gt;<\/a><\/p>\t\t\t\t\t\t<\/div>\n\n\t\t\t\t\t\n\t\t\t\t\n\t\t\t\t\n\t\t\t<\/div>\n\n\t\t<\/div>\n\n\t<\/div>\n\n\t\n\t\t<div class=\"gem-textbox-bottom gem-textbox-bottom-none default-fill\">\n\t\t\t\t<\/div>\n\t\n\t\n<\/div>\n\t\t<\/div>\n\t\t\t\t<\/div>\n\t\t\t\t<\/div>\n\t\t\t\t\t<\/div>\n\t\t\t\t<\/div>\n\t\t\t\t\t\t\t\t\t<\/div>\n\t\t\t<\/div>\n\t\t\t\t\t<\/div>\n\t\t","protected":false},"excerpt":{"rendered":"<p>Brm Elektronik En Son Teknolojilerini Devreye Ald\u0131 BRM Elektronik, 2022 y\u0131l\u0131na asans\u00f6r acil haberle\u015fme sistemlerinde iki yeni \u00fcr\u00fcnle giri\u015f yapt\u0131&#8230;.<\/p>\n","protected":false},"author":1,"featured_media":0,"parent":0,"menu_order":0,"comment_status":"closed","ping_status":"closed","template":"page-fullwidth.php","meta":{"footnotes":""},"_links":{"self":[{"href":"https:\/\/brmelektronik.net\/index.php?rest_route=\/wp\/v2\/pages\/2750"}],"collection":[{"href":"https:\/\/brmelektronik.net\/index.php?rest_route=\/wp\/v2\/pages"}],"about":[{"href":"https:\/\/brmelektronik.net\/index.php?rest_route=\/wp\/v2\/types\/page"}],"author":[{"embeddable":true,"href":"https:\/\/brmelektronik.net\/index.php?rest_route=\/wp\/v2\/users\/1"}],"replies":[{"embeddable":true,"href":"https:\/\/brmelektronik.net\/index.php?rest_route=%2Fwp%2Fv2%2Fcomments&post=2750"}],"version-history":[{"count":13,"href":"https:\/\/brmelektronik.net\/index.php?rest_route=\/wp\/v2\/pages\/2750\/revisions"}],"predecessor-version":[{"id":2765,"href":"https:\/\/brmelektronik.net\/index.php?rest_route=\/wp\/v2\/pages\/2750\/revisions\/2765"}],"wp:attachment":[{"href":"https:\/\/brmelektronik.net\/index.php?rest_route=%2Fwp%2Fv2%2Fmedia&parent=2750"}],"curies":[{"name":"wp","href":"https:\/\/api.w.org\/{rel}","templated":true}]}}