{"id":798,"date":"2023-11-23T06:59:26","date_gmt":"2023-11-23T03:59:26","guid":{"rendered":"http:\/\/el.commonsupport.com\/wp\/envolve\/?page_id=798"},"modified":"2023-11-23T21:17:42","modified_gmt":"2023-11-23T18:17:42","slug":"bayilerimiz","status":"publish","type":"page","link":"https:\/\/brmelektronik.net\/?page_id=798","title":{"rendered":"Bayilerimiz"},"content":{"rendered":"\t\t<div data-elementor-type=\"wp-page\" data-elementor-id=\"798\" class=\"elementor elementor-798\">\n\t\t\t\t\t\t<div class=\"elementor-inner\">\n\t\t\t\t<div class=\"elementor-section-wrap\">\n\t\t\t\t\t\t\t\t\t<section class=\"elementor-section elementor-top-section elementor-element elementor-element-681c983 elementor-section-full_width elementor-section-height-default elementor-section-height-default\" data-id=\"681c983\" data-element_type=\"section\">\n\t\t\t\t\t\t<div class=\"elementor-container elementor-column-gap-thegem\">\n\t\t\t\t\t\t\t<div class=\"elementor-row\">\n\t\t\t\t\t<div class=\"elementor-column elementor-col-100 elementor-top-column elementor-element elementor-element-d78080e\" data-id=\"d78080e\" data-element_type=\"column\">\n\t\t\t<div class=\"elementor-column-wrap elementor-element-populated\">\n\t\t\t\t\t\t\t<div class=\"elementor-widget-wrap\">\n\t\t\t\t\t\t<div class=\"elementor-element elementor-element-8a00083 flex-horizontal-align-default flex-horizontal-align-tablet-default flex-horizontal-align-mobile-default flex-vertical-align-default flex-vertical-align-tablet-default flex-vertical-align-mobile-default elementor-widget elementor-widget-thegem-accordion\" data-id=\"8a00083\" data-element_type=\"widget\" data-settings=\"{&quot;thegem_elementor_preset&quot;:&quot;classic&quot;}\" data-widget_type=\"thegem-accordion.default\">\n\t\t\t\t<div class=\"elementor-widget-container\">\n\t\t\t\n\t\t<div class=\"gem-tta-container\" data-vc-action=\"collapse\">\n\t\t\t<div class=\"gem-tta-general gem-tta gem-tta-accordion gem-tta-color-thegem gem-tta-style-classic gem-tta-shape-rounded gem-tta-o-shape-group gem-tta-controls-align-left\">\n\t\t\t\t<div class=\"gem-tta-panels-container\">\n\t\t\t\t\t<div class=\"gem-tta-panels\">\n\t\t\t\t\t\t\n\t\t\t\t\t\t\t<div id=\"section-8a00083-1\" class=\"gem-tta-panel gem-tta-active\" data-vc-content=\".gem-tta-panel-body\">\n\t\t\t\t\t\t\t\t<div class=\"gem-tta-panel-heading\">\n\t\t\t\t\t\t\t\t\t<h4 class=\"gem-tta-panel-title gem-tta-controls-icon-position-left\">\n\t\t\t\t\t\t\t\t\t\t<a href=\"#section-8a00083-1\" data-vc-accordion data-vc-container=\".gem-tta-container\">\n\n\t\t\t\t\t\t\t\t\t\t\t\t\t\t\t\t\t\t\t\t\t\t\t<span class=\"gem-tta-icon gem-tta-icon-left\">\n\t\t\t\t\t\t\t\t\t\t\t\t    <i aria-hidden=\"true\" class=\"gem-mdi mdi-elevator\"><\/i>\t\t\t\t\t\t\t\t\t\t\t\t<\/span>\n\t\t\t\t\t\t\t\t\t\t\t\n\t\t\t\t\t\t\t\t\t\t\t<span class=\"gem-tta-title-text\">\n\t\t\t\t\t\t\t\t\t\t\t\tAnkara\t\t\t\t\t\t\t\t\t\t\t<\/span>\n\n\t\t\t\t\t\t\t\t\t\t\t\n\t\t\t\t\t\t\t\t\t\t\t<span class=\"gem-tta-controls-icon gem-tta-controls-icon-opened\">\n\t\t\t\t\t\t\t\t\t\t\t\t<i aria-hidden=\"true\" class=\"fas fa-minus\"><\/i>\t\t\t\t\t\t\t\t\t\t\t<\/span>\n\t\t\t\t\t\t\t\t\t\t\t<span class=\"gem-tta-controls-icon gem-tta-controls-icon-closed\">\n\t\t\t\t\t\t\t\t\t\t\t\t<i aria-hidden=\"true\" class=\"fas fa-plus\"><\/i>\t\t\t\t\t\t\t\t\t\t\t<\/span>\n\t\t\t\t\t\t\t\t\t\t<\/a>\n\t\t\t\t\t\t\t\t\t<\/h4>\n\t\t\t\t\t\t\t\t<\/div>\n\t\t\t\t\t\t\t\t<div class=\"gem-tta-panel-body\">\n\t\t\t\t\t\t\t\t\t\t\t<div class=\"gem-text-output\"><p>Bu kategorinin bilgileri haz\u0131rlanmaktad\u0131r.<\/p><\/div>\t\t\t\t\t\t\t\t\t\t<\/div>\n\t\t\t\t\t\t\t\t\t<\/div>\n\t\t\t\t\t\t\n\t\t\t\t\t\t\t<div id=\"section-8a00083-2\" class=\"gem-tta-panel \" data-vc-content=\".gem-tta-panel-body\">\n\t\t\t\t\t\t\t\t<div class=\"gem-tta-panel-heading\">\n\t\t\t\t\t\t\t\t\t<h4 class=\"gem-tta-panel-title gem-tta-controls-icon-position-left\">\n\t\t\t\t\t\t\t\t\t\t<a href=\"#section-8a00083-2\" data-vc-accordion data-vc-container=\".gem-tta-container\">\n\n\t\t\t\t\t\t\t\t\t\t\t\t\t\t\t\t\t\t\t\t\t\t\t<span class=\"gem-tta-icon gem-tta-icon-left\">\n\t\t\t\t\t\t\t\t\t\t\t\t    <i aria-hidden=\"true\" class=\"gem-mdi mdi-elevator\"><\/i>\t\t\t\t\t\t\t\t\t\t\t\t<\/span>\n\t\t\t\t\t\t\t\t\t\t\t\n\t\t\t\t\t\t\t\t\t\t\t<span class=\"gem-tta-title-text\">\n\t\t\t\t\t\t\t\t\t\t\t\t\u0130STANBUL\t\t\t\t\t\t\t\t\t\t\t<\/span>\n\n\t\t\t\t\t\t\t\t\t\t\t\n\t\t\t\t\t\t\t\t\t\t\t<span class=\"gem-tta-controls-icon gem-tta-controls-icon-opened\">\n\t\t\t\t\t\t\t\t\t\t\t\t<i aria-hidden=\"true\" class=\"fas fa-minus\"><\/i>\t\t\t\t\t\t\t\t\t\t\t<\/span>\n\t\t\t\t\t\t\t\t\t\t\t<span class=\"gem-tta-controls-icon gem-tta-controls-icon-closed\">\n\t\t\t\t\t\t\t\t\t\t\t\t<i aria-hidden=\"true\" class=\"fas fa-plus\"><\/i>\t\t\t\t\t\t\t\t\t\t\t<\/span>\n\t\t\t\t\t\t\t\t\t\t<\/a>\n\t\t\t\t\t\t\t\t\t<\/h4>\n\t\t\t\t\t\t\t\t<\/div>\n\t\t\t\t\t\t\t\t<div class=\"gem-tta-panel-body\">\n\t\t\t\t\t\t\t\t\t\t\t<div class=\"gem-text-output\"><p>Bu kategorinin bilgileri haz\u0131rlanmaktad\u0131r.<\/p><\/div>\t\t\t\t\t\t\t\t\t\t<\/div>\n\t\t\t\t\t\t\t\t\t<\/div>\n\t\t\t\t\t\t\n\t\t\t\t\t\t\t<div id=\"section-8a00083-3\" class=\"gem-tta-panel \" data-vc-content=\".gem-tta-panel-body\">\n\t\t\t\t\t\t\t\t<div class=\"gem-tta-panel-heading\">\n\t\t\t\t\t\t\t\t\t<h4 class=\"gem-tta-panel-title gem-tta-controls-icon-position-left\">\n\t\t\t\t\t\t\t\t\t\t<a href=\"#section-8a00083-3\" data-vc-accordion data-vc-container=\".gem-tta-container\">\n\n\t\t\t\t\t\t\t\t\t\t\t\t\t\t\t\t\t\t\t\t\t\t\t<span class=\"gem-tta-icon gem-tta-icon-left\">\n\t\t\t\t\t\t\t\t\t\t\t\t    <i aria-hidden=\"true\" class=\"gem-mdi mdi-elevator\"><\/i>\t\t\t\t\t\t\t\t\t\t\t\t<\/span>\n\t\t\t\t\t\t\t\t\t\t\t\n\t\t\t\t\t\t\t\t\t\t\t<span class=\"gem-tta-title-text\">\n\t\t\t\t\t\t\t\t\t\t\t\t\u0130ZM\u0130R\t\t\t\t\t\t\t\t\t\t\t<\/span>\n\n\t\t\t\t\t\t\t\t\t\t\t\n\t\t\t\t\t\t\t\t\t\t\t<span class=\"gem-tta-controls-icon gem-tta-controls-icon-opened\">\n\t\t\t\t\t\t\t\t\t\t\t\t<i aria-hidden=\"true\" class=\"fas fa-minus\"><\/i>\t\t\t\t\t\t\t\t\t\t\t<\/span>\n\t\t\t\t\t\t\t\t\t\t\t<span class=\"gem-tta-controls-icon gem-tta-controls-icon-closed\">\n\t\t\t\t\t\t\t\t\t\t\t\t<i aria-hidden=\"true\" class=\"fas fa-plus\"><\/i>\t\t\t\t\t\t\t\t\t\t\t<\/span>\n\t\t\t\t\t\t\t\t\t\t<\/a>\n\t\t\t\t\t\t\t\t\t<\/h4>\n\t\t\t\t\t\t\t\t<\/div>\n\t\t\t\t\t\t\t\t<div class=\"gem-tta-panel-body\">\n\t\t\t\t\t\t\t\t\t\t\t<div class=\"gem-text-output\"><p>Bu kategorinin bilgileri haz\u0131rlanmaktad\u0131r.<\/p><\/div>\t\t\t\t\t\t\t\t\t\t<\/div>\n\t\t\t\t\t\t\t\t\t<\/div>\n\t\t\t\t\t\t\n\t\t\t\t\t\t\t\t\t\t\t<\/div>\n\t\t\t\t<\/div>\n\t\t\t<\/div>\n\t\t<\/div>\n\n\t\t\t\t<\/div>\n\t\t\t\t<\/div>\n\t\t\t\t\t\t<\/div>\n\t\t\t\t\t<\/div>\n\t\t<\/div>\n\t\t\t\t\t\t\t\t<\/div>\n\t\t\t\t\t<\/div>\n\t\t<\/section>\n\t\t\t\t<section class=\"elementor-section elementor-top-section elementor-element elementor-element-1e06c90 elementor-section-full_width elementor-section-height-default elementor-section-height-default\" data-id=\"1e06c90\" data-element_type=\"section\">\n\t\t\t\t\t\t<div class=\"elementor-container elementor-column-gap-thegem\">\n\t\t\t\t\t\t\t<div class=\"elementor-row\">\n\t\t\t\t\t<div class=\"elementor-column elementor-col-100 elementor-top-column elementor-element elementor-element-004d57d\" data-id=\"004d57d\" data-element_type=\"column\">\n\t\t\t<div class=\"elementor-column-wrap\">\n\t\t\t\t\t\t\t<div class=\"elementor-widget-wrap\">\n\t\t\t\t\t\t\t\t<\/div>\n\t\t\t\t\t<\/div>\n\t\t<\/div>\n\t\t\t\t\t\t\t\t<\/div>\n\t\t\t\t\t<\/div>\n\t\t<\/section>\n\t\t\t\t\t\t\t\t\t<\/div>\n\t\t\t<\/div>\n\t\t\t\t\t<\/div>\n\t\t","protected":false},"excerpt":{"rendered":"<p>Ankara Bu kategorinin bilgileri haz\u0131rlanmaktad\u0131r. \u0130STANBUL Bu kategorinin bilgileri haz\u0131rlanmaktad\u0131r. \u0130ZM\u0130R Bu kategorinin bilgileri haz\u0131rlanmaktad\u0131r.<\/p>\n","protected":false},"author":1,"featured_media":0,"parent":0,"menu_order":0,"comment_status":"closed","ping_status":"closed","template":"","meta":{"footnotes":""},"_links":{"self":[{"href":"https:\/\/brmelektronik.net\/index.php?rest_route=\/wp\/v2\/pages\/798"}],"collection":[{"href":"https:\/\/brmelektronik.net\/index.php?rest_route=\/wp\/v2\/pages"}],"about":[{"href":"https:\/\/brmelektronik.net\/index.php?rest_route=\/wp\/v2\/types\/page"}],"author":[{"embeddable":true,"href":"https:\/\/brmelektronik.net\/index.php?rest_route=\/wp\/v2\/users\/1"}],"replies":[{"embeddable":true,"href":"https:\/\/brmelektronik.net\/index.php?rest_route=%2Fwp%2Fv2%2Fcomments&post=798"}],"version-history":[{"count":6,"href":"https:\/\/brmelektronik.net\/index.php?rest_route=\/wp\/v2\/pages\/798\/revisions"}],"predecessor-version":[{"id":2417,"href":"https:\/\/brmelektronik.net\/index.php?rest_route=\/wp\/v2\/pages\/798\/revisions\/2417"}],"wp:attachment":[{"href":"https:\/\/brmelektronik.net\/index.php?rest_route=%2Fwp%2Fv2%2Fmedia&parent=798"}],"curies":[{"name":"wp","href":"https:\/\/api.w.org\/{rel}","templated":true}]}}