{"id":2720,"date":"2023-12-22T20:27:11","date_gmt":"2023-12-22T17:27:11","guid":{"rendered":"http:\/\/brmelektronik.net\/?post_type=product&#038;p=2720"},"modified":"2023-12-23T10:42:57","modified_gmt":"2023-12-23T07:42:57","slug":"abot","status":"publish","type":"product","link":"https:\/\/brmelektronik.net\/?product=abot","title":{"rendered":"ABOT"},"content":{"rendered":"\t\t<div data-elementor-type=\"wp-post\" data-elementor-id=\"2720\" class=\"elementor elementor-2720\">\n\t\t\t\t\t\t<div class=\"elementor-inner\">\n\t\t\t\t<div class=\"elementor-section-wrap\">\n\t\t\t\t\t\t\t<div class=\"elementor-element elementor-element-4f89c249 e-flex e-con-boxed e-con e-parent\" data-id=\"4f89c249\" data-element_type=\"container\" data-settings=\"{&quot;content_width&quot;:&quot;boxed&quot;}\" data-core-v316-plus=\"true\">\n\t\t\t\t\t<div class=\"e-con-inner\">\n\t\t\t\t<div class=\"elementor-element elementor-element-b286f92 flex-horizontal-align-default flex-horizontal-align-tablet-default flex-horizontal-align-mobile-default flex-vertical-align-default flex-vertical-align-tablet-default flex-vertical-align-mobile-default elementor-widget elementor-widget-text-editor\" data-id=\"b286f92\" data-element_type=\"widget\" data-widget_type=\"text-editor.default\">\n\t\t\t\t<div class=\"elementor-widget-container\">\n\t\t\t<style>\/*! elementor - v3.16.0 - 20-09-2023 *\/\n.elementor-widget-text-editor.elementor-drop-cap-view-stacked .elementor-drop-cap{background-color:#69727d;color:#fff}.elementor-widget-text-editor.elementor-drop-cap-view-framed .elementor-drop-cap{color:#69727d;border:3px solid;background-color:transparent}.elementor-widget-text-editor:not(.elementor-drop-cap-view-default) .elementor-drop-cap{margin-top:8px}.elementor-widget-text-editor:not(.elementor-drop-cap-view-default) .elementor-drop-cap-letter{width:1em;height:1em}.elementor-widget-text-editor .elementor-drop-cap{float:left;text-align:center;line-height:1;font-size:50px}.elementor-widget-text-editor .elementor-drop-cap-letter{display:inline-block}<\/style>\t\t\t\t\t<div class=\"elementor-text-editor elementor-clearfix\">\n\t\t\t\t<p><img decoding=\"async\" class=\"alignnone wp-image-2522 size-full\" src=\"http:\/\/brmelektronik.net\/wp-content\/uploads\/2023\/11\/mv_buton.png\" alt=\"\" width=\"281\" height=\"79\" \/> <img decoding=\"async\" class=\"alignnone size-full wp-image-2523\" src=\"http:\/\/brmelektronik.net\/wp-content\/uploads\/2023\/11\/tc_buton.png\" alt=\"\" width=\"281\" height=\"79\" \/> <img decoding=\"async\" class=\"alignnone size-full wp-image-2524\" src=\"http:\/\/brmelektronik.net\/wp-content\/uploads\/2023\/11\/kk_buton.png\" alt=\"\" width=\"281\" height=\"79\" \/><\/p>\t\t\t\t\t<\/div>\n\t\t\t\t\t\t<\/div>\n\t\t\t\t<\/div>\n\t\t\t\t\t<\/div>\n\t\t\t\t<\/div>\n\t\t\t\t\t\t\t\t\t<\/div>\n\t\t\t<\/div>\n\t\t\t\t\t<\/div>\n\t\t","protected":false},"excerpt":{"rendered":"<p><a href=\"https:\/\/forms.gle\/3ekrghaNezFviPNR6\">Demo Talep Formu \u0130\u00e7in T\u0131klay\u0131n\u0131z<\/a><\/p>\n<ul>\n<li>ASANS\u00d6RLER\u0130N TAK\u0130B\u0130<\/li>\n<li>MUAYENELER\u0130N TAK\u0130B\u0130<\/li>\n<li>BAKIMLARIN TAK\u0130B\u0130<\/li>\n<li>SERV\u0130SLER\u0130N TAK\u0130B\u0130 (ARIZA-KURTARMA)<\/li>\n<li>REV\u0130ZYON VE PAR\u00c7A DE\u011e\u0130\u015e\u0130KL\u0130KLER\u0130N\u0130N TAK\u0130B\u0130<\/li>\n<li>QR \u0130LE YOLCU B\u0130LG\u0130LEND\u0130RME<\/li>\n<li>BAKIM YAPAN F\u0130RMALARIN TAK\u0130B\u0130 VE PUANLAMA<\/li>\n<li>ASANS\u00d6RLER\u0130N AC\u0130L DURUM \u00dcN\u0130TELER\u0130N\u0130N TAK\u0130B\u0130<\/li>\n<li>ASANS\u00d6RLER\u0130N ONL\u0130NE TAK\u0130B\u0130<\/li>\n<li>MUHASEBESEL TAK\u0130P<\/li>\n<li>\u00a0RAPORLAMALAR<\/li>\n<\/ul>\n","protected":false},"featured_media":2732,"template":"","meta":[],"product_cat":[30],"product_tag":[50,51,53,54,55],"_links":{"self":[{"href":"https:\/\/brmelektronik.net\/index.php?rest_route=\/wp\/v2\/product\/2720"}],"collection":[{"href":"https:\/\/brmelektronik.net\/index.php?rest_route=\/wp\/v2\/product"}],"about":[{"href":"https:\/\/brmelektronik.net\/index.php?rest_route=\/wp\/v2\/types\/product"}],"version-history":[{"count":4,"href":"https:\/\/brmelektronik.net\/index.php?rest_route=\/wp\/v2\/product\/2720\/revisions"}],"predecessor-version":[{"id":2749,"href":"https:\/\/brmelektronik.net\/index.php?rest_route=\/wp\/v2\/product\/2720\/revisions\/2749"}],"wp:featuredmedia":[{"embeddable":true,"href":"https:\/\/brmelektronik.net\/index.php?rest_route=\/wp\/v2\/media\/2732"}],"wp:attachment":[{"href":"https:\/\/brmelektronik.net\/index.php?rest_route=%2Fwp%2Fv2%2Fmedia&parent=2720"}],"wp:term":[{"taxonomy":"product_cat","embeddable":true,"href":"https:\/\/brmelektronik.net\/index.php?rest_route=%2Fwp%2Fv2%2Fproduct_cat&post=2720"},{"taxonomy":"product_tag","embeddable":true,"href":"https:\/\/brmelektronik.net\/index.php?rest_route=%2Fwp%2Fv2%2Fproduct_tag&post=2720"}],"curies":[{"name":"wp","href":"https:\/\/api.w.org\/{rel}","templated":true}]}}